{"id":10,"date":"2023-01-11T15:34:34","date_gmt":"2023-01-11T20:34:34","guid":{"rendered":"http:\/\/www.henryvallejo.com\/?page_id=10"},"modified":"2023-01-13T01:35:28","modified_gmt":"2023-01-13T06:35:28","slug":"inicio","status":"publish","type":"page","link":"https:\/\/www.henryvallejo.com\/","title":{"rendered":"Inicio"},"content":{"rendered":"<p style=\"text-align: justify;\"><img loading=\"lazy\" decoding=\"async\" class=\" wp-image-80 alignleft\" src=\"http:\/\/www.henryvallejo.com\/wp-content\/uploads\/2023\/01\/Henry-Foto_-300x288.jpg\" alt=\"\" width=\"153\" height=\"147\" srcset=\"https:\/\/www.henryvallejo.com\/wp-content\/uploads\/2023\/01\/Henry-Foto_-300x288.jpg 300w, https:\/\/www.henryvallejo.com\/wp-content\/uploads\/2023\/01\/Henry-Foto_.jpg 380w\" sizes=\"(max-width: 153px) 100vw, 153px\" \/>Es grato desde hace algunos a\u00f1os seguir en esta gran cruzada, que es la de difundir el uso del Software Libre, concretamente los sistemas operativos basados en GNU\/Linux; as\u00ed como la Cultura Libre.<\/p>\n<p style=\"text-align: justify;\">En este sitio encontrar\u00e1s muchas entradas en forma de manuales de instalaci\u00f3n y uso de aplicaciones que funcionan bajo Debian y\/o Centos \u2013 son mis SO favoritos \ud83d\ude09 \u2013 en tal virtud pretendo con estos tutoriales apoyar el uso y desarrollo de aplicaciones bajo estas plataformas.<\/p>\n<p style=\"text-align: justify;\">Como parte de mi filosof\u00eda intento defender los derechos que los seres humanos tenemos sobre el conocimiento, la democratizaci\u00f3n de la informaci\u00f3n, la seguridad y privacidad de los datos personales; pero fundamentalmente pretendo motivar el desarrollo e innovaci\u00f3n de tecnolog\u00edas propias en aras de la no dependencia tecnol\u00f3gica y la lucha frecuente en contra de la colonizaci\u00f3n tecnol\u00f3gica.<\/p>\n<p style=\"text-align: justify;\">Espero que este aporte sea de utilidad para quienes visiten este sitio.<\/p>\n<p style=\"text-align: right;\"><span style=\"color: #0000ff;\"><strong>Visitas: <span class='visitors'>607,670<\/span><\/strong><\/span><\/p>\n<hr \/>\n<p style=\"text-align: justify;\"><em><span class=\"tlid-translation translation\"><span class=\"\" title=\"\">It\u2019s been gratifying for a few years to continue in this great crusade, which is the way to spread the use of Free Software, specifically GNU \/ Linux-based systems;<\/span> <span title=\"\">As well as the Free Culture.<\/span><\/span><\/em><\/p>\n<p style=\"text-align: justify;\"><em><span class=\"\" title=\"\">On this site we have many entries in the form of the installation manuals and the use of the applications of the services in the future Debian and \/ or Centos \u2013 are my favorite OS in \u2013 in virtue of that.<\/span><\/em><\/p>\n<p style=\"text-align: justify;\"><em><span class=\"\" title=\"\">As part of my philosophy I try to defend the rights that human beings have over knowledge, the democratization of information, security and privacy of personal data;<\/span> <span class=\"\" title=\"\">But fundamentally to pretend the development and innovation of technologies in the areas of technology and the fight against technological colonization.<\/span><\/em><\/p>\n<p style=\"text-align: justify;\"><em><span title=\"\">I hope this topic is useful for those who visit this site.<br \/>\n<\/span><\/em><\/p>\n","protected":false},"excerpt":{"rendered":"<p>Es grato desde hace algunos a\u00f1os seguir en esta gran cruzada, que es la de difundir el uso del Software Libre, concretamente los sistemas operativos basados en GNU\/Linux; as\u00ed como la Cultura Libre. En este sitio encontrar\u00e1s muchas entradas en forma de manuales de instalaci\u00f3n y uso de aplicaciones que funcionan bajo Debian y\/o Centos [&hellip;]<\/p>\n","protected":false},"author":1,"featured_media":0,"parent":0,"menu_order":0,"comment_status":"closed","ping_status":"closed","template":"","meta":{"footnotes":""},"_links":{"self":[{"href":"https:\/\/www.henryvallejo.com\/index.php?rest_route=\/wp\/v2\/pages\/10"}],"collection":[{"href":"https:\/\/www.henryvallejo.com\/index.php?rest_route=\/wp\/v2\/pages"}],"about":[{"href":"https:\/\/www.henryvallejo.com\/index.php?rest_route=\/wp\/v2\/types\/page"}],"author":[{"embeddable":true,"href":"https:\/\/www.henryvallejo.com\/index.php?rest_route=\/wp\/v2\/users\/1"}],"replies":[{"embeddable":true,"href":"https:\/\/www.henryvallejo.com\/index.php?rest_route=%2Fwp%2Fv2%2Fcomments&post=10"}],"version-history":[{"count":16,"href":"https:\/\/www.henryvallejo.com\/index.php?rest_route=\/wp\/v2\/pages\/10\/revisions"}],"predecessor-version":[{"id":215,"href":"https:\/\/www.henryvallejo.com\/index.php?rest_route=\/wp\/v2\/pages\/10\/revisions\/215"}],"wp:attachment":[{"href":"https:\/\/www.henryvallejo.com\/index.php?rest_route=%2Fwp%2Fv2%2Fmedia&parent=10"}],"curies":[{"name":"wp","href":"https:\/\/api.w.org\/{rel}","templated":true}]}}