{"id":120,"date":"2023-01-12T01:20:17","date_gmt":"2023-01-12T06:20:17","guid":{"rendered":"http:\/\/www.henryvallejo.com\/?page_id=120"},"modified":"2023-01-13T01:27:58","modified_gmt":"2023-01-13T06:27:58","slug":"sena-am-y-fm","status":"publish","type":"page","link":"https:\/\/www.henryvallejo.com\/?page_id=120","title":{"rendered":"Se\u00f1al AM y FM"},"content":{"rendered":"<div class=\"body-text\">\n<div dir=\"ltr\">\n<h2 class=\"excerpt ng-binding\">La cl\u00e1sica se\u00f1al AM\/FM ser\u00eda apagada para siempre durante el a\u00f1o 2017 y sustituida por una se\u00f1al digital.<\/h2>\n<p style=\"text-align: justify;\">Cada vez que se hacen anuncios que rompen con los est\u00e1ndares cl\u00e1sicos, se producen ciertas inquietudes y mucho ruido al respecto, cuando en realidad s\u00f3lo se trata de una mejora que beneficiar\u00e1 a todos los usuarios finales de estos servicios. Es esto mismo lo que quiere realizar <a href=\"http:\/\/radio.no\/2015\/04\/norway-to-switch-off-fm-in-2017\/\" target=\"_blank\" rel=\"noopener noreferrer\">el gobierno noruego<\/a>, <strong>al apagar la frecuencia radial AM\/FM en el pa\u00eds, sustituy\u00e9ndola por la se\u00f1al digital DAB+\u00a0el d\u00eda 11 de enero de 2017.<\/strong><\/p>\n<\/div>\n<div class=\"body-text\">\n<div class=\"ng-binding\">\n<p style=\"text-align: justify;\">La principal diferencia entre ambos servicios, es que el segundo utiliza el espectro electromagn\u00e9tico de manera mucho m\u00e1s eficiente que la <a href=\"https:\/\/www.fayerwayer.com\/tag\/radio-fm\/\">se\u00f1al FM<\/a>, pudiendo as\u00ed incluir se\u00f1ales adicionales gracias a la reducci\u00f3n de la cantidad de datos que pasan a trav\u00e9s de la banda, gracias al mayor n\u00famero de canales que tambi\u00e9n posee (22 contra los 5 de la FM, llegando a poder alcanzar incluso 42).<\/p>\n<p style=\"text-align: justify;\">\u00bfSignifica que las radios convencionales ser\u00e1n in\u00fatiles en el futuro cercano? <strong>Lamentablemente, s\u00ed<\/strong>. La se\u00f1al DAB+ no es compatible con los dispositivos cl\u00e1sicos, sin embargo hay empresas que ya han desarrollado equipos capaces de recibir esta se\u00f1al en todo el mundo, al igual que ciertos h\u00edbridos que captan ambas frecuencias.<\/p>\n<p style=\"text-align: justify;\">Si bien hay otros pa\u00edses que tienen pensado realizar esta migraci\u00f3n, como Dinamarca y Suiza, Noruega es la primera naci\u00f3n que confirma una fecha para el \u201capag\u00f3n\u201d radial. \u00bfQu\u00e9 pasar\u00e1 en otros lugares del mundo? S\u00f3lo el tiempo lo dir\u00e1, pero es algo que a\u00fan se ve muy lejano y dif\u00edcil de implementar.<\/p>\n<p>&nbsp;<\/p>\n<\/div>\n<\/div>\n<\/div>\n","protected":false},"excerpt":{"rendered":"<p>La cl\u00e1sica se\u00f1al AM\/FM ser\u00eda apagada para siempre durante el a\u00f1o 2017 y sustituida por una se\u00f1al digital. Cada vez que se hacen anuncios que rompen con los est\u00e1ndares cl\u00e1sicos, se producen ciertas inquietudes y mucho ruido al respecto, cuando en realidad s\u00f3lo se trata de una mejora que beneficiar\u00e1 a todos los usuarios finales [&hellip;]<\/p>\n","protected":false},"author":1,"featured_media":0,"parent":0,"menu_order":0,"comment_status":"closed","ping_status":"closed","template":"","meta":{"footnotes":""},"_links":{"self":[{"href":"https:\/\/www.henryvallejo.com\/index.php?rest_route=\/wp\/v2\/pages\/120"}],"collection":[{"href":"https:\/\/www.henryvallejo.com\/index.php?rest_route=\/wp\/v2\/pages"}],"about":[{"href":"https:\/\/www.henryvallejo.com\/index.php?rest_route=\/wp\/v2\/types\/page"}],"author":[{"embeddable":true,"href":"https:\/\/www.henryvallejo.com\/index.php?rest_route=\/wp\/v2\/users\/1"}],"replies":[{"embeddable":true,"href":"https:\/\/www.henryvallejo.com\/index.php?rest_route=%2Fwp%2Fv2%2Fcomments&post=120"}],"version-history":[{"count":4,"href":"https:\/\/www.henryvallejo.com\/index.php?rest_route=\/wp\/v2\/pages\/120\/revisions"}],"predecessor-version":[{"id":213,"href":"https:\/\/www.henryvallejo.com\/index.php?rest_route=\/wp\/v2\/pages\/120\/revisions\/213"}],"wp:attachment":[{"href":"https:\/\/www.henryvallejo.com\/index.php?rest_route=%2Fwp%2Fv2%2Fmedia&parent=120"}],"curies":[{"name":"wp","href":"https:\/\/api.w.org\/{rel}","templated":true}]}}