{"id":123,"date":"2023-01-12T01:25:45","date_gmt":"2023-01-12T06:25:45","guid":{"rendered":"http:\/\/www.henryvallejo.com\/?page_id=123"},"modified":"2023-11-22T10:33:44","modified_gmt":"2023-11-22T15:33:44","slug":"123-2","status":"publish","type":"page","link":"https:\/\/www.henryvallejo.com\/?page_id=123","title":{"rendered":"Sensores Remotos Clima"},"content":{"rendered":"<h1><img loading=\"lazy\" decoding=\"async\" class=\"size-full wp-image-173 alignleft\" src=\"http:\/\/www.henryvallejo.com\/wp-content\/uploads\/2023\/01\/estacion-clima-davis-peque.fw_.png\" alt=\"\" width=\"187\" height=\"232\" \/>Estaci\u00f3nes Meteorol\u00f3gicas Digitales:<\/h1>\n<h1>&#8211; Guaranda (EMD-G)<\/h1>\n<h1>&#8211; y Chillanes (EMD-CH)<\/h1>\n<p>Proyecto que tiene como objeto realizar mediciones de distintas variables cliamatol\u00f3gicas (anal\u00f3gicas) las cuales ser\u00e1n \u00fatiles para la toma de decisiones dentro del campo:<\/p>\n<p>&nbsp;<\/p>\n<p>&nbsp;<\/p>\n<ul>\n<li>Agropecuario \u2013 agron\u00f3mico<\/li>\n<li>Gesti\u00f3n y Manejo de desastres<\/li>\n<li>Tur\u00edstico<\/li>\n<li>Ecol\u00f3gico<\/li>\n<\/ul>\n<p>Mediante el uso de una estaci\u00f3n automatizada digital que genera datos que pueden ser \u00fatiles para los distintos usuarios; los cuales ser\u00e1n mostrados v\u00edas web<\/p>\n<p><a href=\"https:\/\/www.grintec.org\/guaranda\" target=\"_blank\" rel=\"noopener\"><img loading=\"lazy\" decoding=\"async\" class=\"alignleft wp-image-182\" src=\"http:\/\/www.henryvallejo.com\/wp-content\/uploads\/2023\/01\/boton-clima1-1.png\" alt=\"\" width=\"144\" height=\"152\" \/><\/a> <a href=\"https:\/\/www.grintec.org\/chillanes\/\" target=\"_blank\" rel=\"noopener\"><img loading=\"lazy\" decoding=\"async\" class=\"alignleft wp-image-181\" src=\"http:\/\/www.henryvallejo.com\/wp-content\/uploads\/2023\/01\/boton-clima3.png\" alt=\"\" width=\"152\" height=\"159\" \/><\/a><\/p>\n<p>&nbsp;<\/p>\n<p>&nbsp;<\/p>\n<p>&nbsp;<\/p>\n<p>&nbsp;<\/p>\n<p>&nbsp;<\/p>\n<p><strong>Referencias T\u00e9cnicas<\/strong><\/p>\n<ol>\n<li><a href=\"http:\/\/www.henryvallejo.com\/wp-content\/uploads\/2016\/12\/calculo-evapotranspiracion.pdf\" target=\"_blank\" rel=\"noopener noreferrer\">Calculo de evapotranspiracion<\/a><\/li>\n<li><a href=\"http:\/\/www.henryvallejo.com\/wp-content\/uploads\/2016\/12\/radiacion-ultravioleta.pdf\" target=\"_blank\" rel=\"noopener noreferrer\">Radiaci\u00f3n ultravioleta<\/a><\/li>\n<li><a href=\"http:\/\/www.henryvallejo.com\/wp-content\/uploads\/2016\/12\/windchill.pdf\" target=\"_blank\" rel=\"noopener noreferrer\">Sensaci\u00f3n T\u00e9rmica<\/a> (windchill)<\/li>\n<li><a href=\"http:\/\/www.henryvallejo.com\/wp-content\/uploads\/2016\/12\/calibracion-pluviometro.pdf\" target=\"_blank\" rel=\"noopener noreferrer\">Calibraci\u00f3n pluvi\u00f3metro<\/a><\/li>\n<\/ol>\n<p style=\"text-align: justify;\"><strong>Otros instrumentos<\/strong><\/p>\n<p style=\"text-align: justify;\"><strong>Term\u00f3metro de M\u00e1ximas y M\u00ednimas<\/strong><\/p>\n<p style=\"text-align: justify;\">Para medir la temperatura m\u00e1xima y m\u00ednima en un periodo de tiempo (se suelen tomar 24 horas) se utilizan los <em>term\u00f3metros de m\u00e1xima-m\u00ednima .<\/em><\/p>\n<p style=\"text-align: justify;\">En la foto vemos que tiene dos escalas (dos columnas de mercurio), una de m\u00e1xima y otra de m\u00ednima. Las escalas est\u00e1n invertidas, la de m\u00e1ximas aumenta de abajo arriba y la de m\u00ednimas al rev\u00e9s, pero en las dos escalas las temperaturas bajo cero est\u00e1n se\u00f1aladas por n\u00fameros de color rojo.<\/p>\n<p style=\"text-align: justify;\">Cada escala tiene una barrita azul (es un <em>cursor <\/em>deslizante). El cursor se mueve empujado por la columna de mercurio.<br \/>\nEl cursor azul (aguja azul) \u201crecuerda\u201d hasta donde lleg\u00f3 el mercurio y su parte inferior muestra hasta donde llego el mercurio.<\/p>\n<p style=\"text-align: justify;\">F\u00edjate que en el term\u00f3metro de la izquierda, la parte baja del cursor est\u00e1 frente a los 14\u00baC. Hasta ah\u00ed lo llev\u00f3 el mercurio cuando marc\u00f3 la temperatura m\u00ednima del d\u00eda (cuando baja la temperatura el mercurio sube por la columna de la izquierda hacia los valores rojos y baja, en la de la columna de la derecha, tambi\u00e9n hacia valores rojos-bajo cero-).<\/p>\n<p style=\"text-align: justify;\">En la parte de m\u00e1ximas la columna de mercurio llevo el cursor azul hasta los 22\u00ba (la m\u00e1xima alcanzada en el d\u00eda).<\/p>\n<p style=\"text-align: justify;\" align=\"center\">La temperatura del aire que rodeaba el term\u00f3metro en el momento de la foto era de 21\u00ba y puede verse que la se\u00f1alaba los extremos de las dos columna de mercurio (m\u00e1xima y m\u00ednima). Las lecturas son:<\/p>\n<p align=\"center\"><span style=\"color: #ff0000;\"><strong>T m\u00e1x = 22\u00ba ; <\/strong><strong>T m\u00edn = 14\u00ba; <\/strong><strong>T actual = 22\u00ba<\/strong><\/span><\/p>\n<table style=\"border-collapse: collapse; width: 100%;\">\n<tbody>\n<tr style=\"border-style: none;\">\n<td style=\"width: 25%; border-style: none;\"><\/td>\n<td style=\"width: 25%; border-style: none;\"><img loading=\"lazy\" decoding=\"async\" class=\"alignnone size-medium wp-image-165\" src=\"http:\/\/www.henryvallejo.com\/wp-content\/uploads\/2023\/01\/Termometro-Max-Min-full-101x300.jpg\" alt=\"\" width=\"101\" height=\"300\" srcset=\"https:\/\/www.henryvallejo.com\/wp-content\/uploads\/2023\/01\/Termometro-Max-Min-full-101x300.jpg 101w, https:\/\/www.henryvallejo.com\/wp-content\/uploads\/2023\/01\/Termometro-Max-Min-full-346x1024.jpg 346w, https:\/\/www.henryvallejo.com\/wp-content\/uploads\/2023\/01\/Termometro-Max-Min-full-768x2276.jpg 768w, https:\/\/www.henryvallejo.com\/wp-content\/uploads\/2023\/01\/Termometro-Max-Min-full-518x1536.jpg 518w, https:\/\/www.henryvallejo.com\/wp-content\/uploads\/2023\/01\/Termometro-Max-Min-full-691x2048.jpg 691w, https:\/\/www.henryvallejo.com\/wp-content\/uploads\/2023\/01\/Termometro-Max-Min-full-scaled.jpg 864w\" sizes=\"(max-width: 101px) 100vw, 101px\" \/><\/td>\n<td style=\"width: 25%; border-style: none;\"><img loading=\"lazy\" decoding=\"async\" class=\"alignnone size-medium wp-image-170\" src=\"http:\/\/www.henryvallejo.com\/wp-content\/uploads\/2023\/01\/Termometro-Max-Min-169x300.jpg\" alt=\"\" width=\"169\" height=\"300\" srcset=\"https:\/\/www.henryvallejo.com\/wp-content\/uploads\/2023\/01\/Termometro-Max-Min-169x300.jpg 169w, https:\/\/www.henryvallejo.com\/wp-content\/uploads\/2023\/01\/Termometro-Max-Min-576x1024.jpg 576w, https:\/\/www.henryvallejo.com\/wp-content\/uploads\/2023\/01\/Termometro-Max-Min.jpg 768w\" sizes=\"(max-width: 169px) 100vw, 169px\" \/><\/td>\n<td style=\"width: 25%; border-style: none;\"><\/td>\n<\/tr>\n<\/tbody>\n<\/table>\n<p style=\"text-align: justify;\"><strong>Term\u00f3metro de alcohol<\/strong><\/p>\n<p style=\"text-align: justify;\">El <b>term\u00f3metro de alcohol<\/b> es un tubo capilar de vidrio de un di\u00e1metro interior muy peque\u00f1o (casi como el de un cabello), que cuenta con paredes gruesas; en uno de sus extremos se encuentra una dilataci\u00f3n, llamada bulbo, que est\u00e1 llena de alcohol, en nuestro caso se ve de color rojo.<\/p>\n<p style=\"text-align: justify;\">El alcohol es una sustancia que se dilata o contrae y, por lo tanto, sube o baja dentro del tubo capilar con los cambios de temperatura. En el tubo capilar se establece una escala que marca exactamente la temperatura en ese momento.<\/p>\n<p style=\"text-align: justify;\">El term\u00f3metro de alcohol fue el primero que se cre\u00f3, y mide la temperatura de manera efectiva.<\/p>\n<p style=\"text-align: justify;\">Los term\u00f3metros de alcohol sirven para tomar la temperatura del ambiente: se usa en todo tipo de ambiente, pero no en personas.<\/p>\n<p style=\"text-align: justify;\">En nuestro caso el marcador de alcohol marca 25\u00baC o 68\u00baF, es de f\u00e1cil lectura; obviamente no registra las variaciones en un intervalo de tiempo como el de Max y Min.<\/p>\n<p><img loading=\"lazy\" decoding=\"async\" class=\"size-medium wp-image-164 aligncenter\" src=\"http:\/\/www.henryvallejo.com\/wp-content\/uploads\/2023\/01\/Termometro-alcohol-88x300.jpg\" alt=\"\" width=\"88\" height=\"300\" srcset=\"https:\/\/www.henryvallejo.com\/wp-content\/uploads\/2023\/01\/Termometro-alcohol-88x300.jpg 88w, https:\/\/www.henryvallejo.com\/wp-content\/uploads\/2023\/01\/Termometro-alcohol-300x1024.jpg 300w, https:\/\/www.henryvallejo.com\/wp-content\/uploads\/2023\/01\/Termometro-alcohol-768x2618.jpg 768w, https:\/\/www.henryvallejo.com\/wp-content\/uploads\/2023\/01\/Termometro-alcohol-451x1536.jpg 451w, https:\/\/www.henryvallejo.com\/wp-content\/uploads\/2023\/01\/Termometro-alcohol-601x2048.jpg 601w, https:\/\/www.henryvallejo.com\/wp-content\/uploads\/2023\/01\/Termometro-alcohol-scaled.jpg 751w\" sizes=\"(max-width: 88px) 100vw, 88px\" \/><\/p>\n<p style=\"text-align: justify;\"><strong>C\u00f3mo interpretar el caudal de lluvia<\/strong><\/p>\n<p class=\"rtejustify\" style=\"text-align: justify;\">Las <strong>precipitaciones, <\/strong>ya sean<strong>\u00a0en forma de lluvia, granizo o nieve,<\/strong>\u00a0se pueden medir tanto en mm como en l\/m2, y ambas medidas van a coincidir, es decir:<\/p>\n<p class=\"rtecenter\" style=\"text-align: center;\"><span style=\"color: #333399;\"><strong>1 mm = 1 l\/m2<\/strong><\/span><\/p>\n<ul style=\"text-align: justify;\">\n<li class=\"rtejustify\"><strong>mm<\/strong>\u00a0(mil\u00edmetros). Equivale a la altura que el\u00a0agua de lluvia\u00a0formar\u00eda\u00a0sobre una superficie plana e impermeable.<\/li>\n<li class=\"rtejustify\"><strong>l\/m2<\/strong> (litros por metro cuadrado). Equivale a los litros de agua de lluvia ca\u00eddos en una superficie cuadrada de una longitud de un metro por cada lado.<\/li>\n<li class=\"rtejustify\"><strong>\u00bfPor qu\u00e9 son equivalentes?<\/strong>\u00a0Porque un litro en un cubo de un metro de ancho y un metro de largo ocupa en volumen exactamente un mm de altura. S\u00f3lo hay que pensar en que, como es habitual conocer, un cubo de 1 metro \u201cc\u00fabico\u201d (un metro de alto, uno de ancho y uno de alto) tiene una capacidad de 1000 litros. Si un metro de altura son 1000 mil\u00edmetros (mm),\u00a0entonces 1\u00a0mm corresponder\u00e1, por tanto, a un litro.<\/li>\n<\/ul>\n<p class=\"rtejustify\" style=\"text-align: justify;\">Las <strong>precipitaciones en forma de nieve<\/strong>\u00a0tambi\u00e9n se suelen medir en <strong>cm <\/strong>(cent\u00edmetros), que equivale a la altura de la nieve ca\u00edda sobre una superficie plana e impermeable.\u00a0Se considera que, aproximadamente,\u00a0el espesor de la nieve es 10 veces el del agua. Por tanto, 1 cm de nieve equivale a 1 mm de agua, aunque esto puede variar de 0,5 a 2 mm en funci\u00f3n de la densidad de la nieve, entonces.<\/p>\n<p class=\"rtecenter\" style=\"text-align: center;\"><span style=\"color: #333399;\"><strong>1 cm nieve \u2248 1 mm lluvia<\/strong><\/span><\/p>\n<p class=\"rtecenter\" style=\"text-align: justify;\">En las zonas altas del p\u00e1ramo andino, concretamente en las faldas del Chimborazo hay que considerar estos datos puesto que ah\u00ed neva en las \u00e9pocas en que la parte baja del p\u00e1ramo llueve; por lo tanto las v\u00edas transitables se vuelven peligrosas.<\/p>\n<p style=\"text-align: justify;\"><strong>Ubicaci\u00f3n de la Estaci\u00f3n<\/strong><\/p>\n<p style=\"text-align: justify;\"><strong>Estaci\u00f3n Digital.<\/strong><\/p>\n<p style=\"text-align: justify;\">La estaci\u00f3n digital instalada es un sistema autom\u00e1tico con sensores que permiten obtener lecturas de:<\/p>\n<ul style=\"text-align: justify;\">\n<li>Humedad<\/li>\n<li>Temperatura<\/li>\n<li>Presi\u00f3n Atmosf\u00e9rica<\/li>\n<li>Velocidad del Viento<\/li>\n<\/ul>\n<p style=\"text-align: justify;\">Lo cual nos permite obtener datos m\u00e1s reales y de forma permanente a lo largo del d\u00eda y noche, con informaci\u00f3n que luego el subida al servidor del clima que es mantenido de manera diaria las 24 horas, los 7 d\u00edas de la semana y los 365 d\u00edas del a\u00f1o; siempre y cuando las condiciones tecnol\u00f3gica (Internet) o econ\u00f3micas lo permitan.<\/p>\n<p style=\"text-align: justify;\">El siguiente enlace te trasladar\u00e1 al mapa de las estaciones en el Pa\u00eds y pospuesto a nuestra estaci\u00f3n en Guaranda.<\/p>\n<table style=\"border-collapse: collapse; width: 100%;\">\n<tbody>\n<tr>\n<td style=\"width: 33.3333%; border-style: none;\"><img loading=\"lazy\" decoding=\"async\" class=\"wp-image-191 alignnone\" src=\"http:\/\/www.henryvallejo.com\/wp-content\/uploads\/2023\/01\/20150225_113424-576x1024-1.jpg\" alt=\"\" width=\"190\" height=\"338\" srcset=\"https:\/\/www.henryvallejo.com\/wp-content\/uploads\/2023\/01\/20150225_113424-576x1024-1.jpg 576w, https:\/\/www.henryvallejo.com\/wp-content\/uploads\/2023\/01\/20150225_113424-576x1024-1-169x300.jpg 169w\" sizes=\"(max-width: 190px) 100vw, 190px\" \/><\/td>\n<td style=\"width: 33.3333%; border-style: none;\"><img loading=\"lazy\" decoding=\"async\" class=\"wp-image-192 alignnone\" src=\"http:\/\/www.henryvallejo.com\/wp-content\/uploads\/2023\/01\/IMG-20150223-WA0012-e1427879142455-scaled.jpeg\" alt=\"\" width=\"190\" height=\"260\" srcset=\"https:\/\/www.henryvallejo.com\/wp-content\/uploads\/2023\/01\/IMG-20150223-WA0012-e1427879142455-scaled.jpeg 1874w, https:\/\/www.henryvallejo.com\/wp-content\/uploads\/2023\/01\/IMG-20150223-WA0012-e1427879142455-220x300.jpeg 220w, https:\/\/www.henryvallejo.com\/wp-content\/uploads\/2023\/01\/IMG-20150223-WA0012-e1427879142455-750x1024.jpeg 750w, https:\/\/www.henryvallejo.com\/wp-content\/uploads\/2023\/01\/IMG-20150223-WA0012-e1427879142455-768x1049.jpeg 768w, https:\/\/www.henryvallejo.com\/wp-content\/uploads\/2023\/01\/IMG-20150223-WA0012-e1427879142455-1124x1536.jpeg 1124w, https:\/\/www.henryvallejo.com\/wp-content\/uploads\/2023\/01\/IMG-20150223-WA0012-e1427879142455-1499x2048.jpeg 1499w\" sizes=\"(max-width: 190px) 100vw, 190px\" \/><\/td>\n<td style=\"width: 33.3333%; border-style: none;\"><img loading=\"lazy\" decoding=\"async\" class=\"wp-image-193 alignnone\" src=\"http:\/\/www.henryvallejo.com\/wp-content\/uploads\/2023\/01\/Grafica-estacion.fw_-1024x753-1.png\" alt=\"\" width=\"258\" height=\"190\" srcset=\"https:\/\/www.henryvallejo.com\/wp-content\/uploads\/2023\/01\/Grafica-estacion.fw_-1024x753-1.png 1024w, https:\/\/www.henryvallejo.com\/wp-content\/uploads\/2023\/01\/Grafica-estacion.fw_-1024x753-1-300x221.png 300w, https:\/\/www.henryvallejo.com\/wp-content\/uploads\/2023\/01\/Grafica-estacion.fw_-1024x753-1-768x565.png 768w\" sizes=\"(max-width: 258px) 100vw, 258px\" \/><\/td>\n<\/tr>\n<\/tbody>\n<\/table>\n<p>&nbsp;<\/p>\n<p>&nbsp;<\/p>\n<p style=\"text-align: center;\"><a href=\"https:\/\/www.weatherlink.com\/map\/shared\/eFKbeHlZgd5xW1P2uZNpO3ZDQloF5q4D\" target=\"_blank\" rel=\"noopener\">Ver en el Mapa en una nueva ventana<\/a><\/p>\n<p>&nbsp;<\/p>\n","protected":false},"excerpt":{"rendered":"<p>Estaci\u00f3nes Meteorol\u00f3gicas Digitales: &#8211; Guaranda (EMD-G) &#8211; y Chillanes (EMD-CH) Proyecto que tiene como objeto realizar mediciones de distintas variables cliamatol\u00f3gicas (anal\u00f3gicas) las cuales ser\u00e1n \u00fatiles para la toma de decisiones dentro del campo: &nbsp; &nbsp; Agropecuario \u2013 agron\u00f3mico Gesti\u00f3n y Manejo de desastres Tur\u00edstico Ecol\u00f3gico Mediante el uso de una estaci\u00f3n automatizada digital que [&hellip;]<\/p>\n","protected":false},"author":1,"featured_media":0,"parent":0,"menu_order":0,"comment_status":"closed","ping_status":"closed","template":"","meta":{"footnotes":""},"_links":{"self":[{"href":"https:\/\/www.henryvallejo.com\/index.php?rest_route=\/wp\/v2\/pages\/123"}],"collection":[{"href":"https:\/\/www.henryvallejo.com\/index.php?rest_route=\/wp\/v2\/pages"}],"about":[{"href":"https:\/\/www.henryvallejo.com\/index.php?rest_route=\/wp\/v2\/types\/page"}],"author":[{"embeddable":true,"href":"https:\/\/www.henryvallejo.com\/index.php?rest_route=\/wp\/v2\/users\/1"}],"replies":[{"embeddable":true,"href":"https:\/\/www.henryvallejo.com\/index.php?rest_route=%2Fwp%2Fv2%2Fcomments&post=123"}],"version-history":[{"count":40,"href":"https:\/\/www.henryvallejo.com\/index.php?rest_route=\/wp\/v2\/pages\/123\/revisions"}],"predecessor-version":[{"id":267,"href":"https:\/\/www.henryvallejo.com\/index.php?rest_route=\/wp\/v2\/pages\/123\/revisions\/267"}],"wp:attachment":[{"href":"https:\/\/www.henryvallejo.com\/index.php?rest_route=%2Fwp%2Fv2%2Fmedia&parent=123"}],"curies":[{"name":"wp","href":"https:\/\/api.w.org\/{rel}","templated":true}]}}