{"id":128,"date":"2023-01-12T01:33:24","date_gmt":"2023-01-12T06:33:24","guid":{"rendered":"http:\/\/www.henryvallejo.com\/?page_id=128"},"modified":"2023-01-12T02:09:56","modified_gmt":"2023-01-12T07:09:56","slug":"una-historia-increible","status":"publish","type":"page","link":"https:\/\/www.henryvallejo.com\/?page_id=128","title":{"rendered":"Una historia Incre\u00edble"},"content":{"rendered":"<div dir=\"ltr\">\n<p style=\"text-align: justify;\">Hace muchos a\u00f1os tuve la suerte de conocer a un personaje que de alguna manera cambi\u00f3 mi vida, por all\u00e1 en 1998 llega a mis manos un video con informaci\u00f3n muy extra\u00f1a, respecto de la posibilidad de una visita extraterrestre, basada en informaci\u00f3n y vestigios arqueol\u00f3gicos encontrado en un lugar distante en el Ecuador, este sitio tiene por nombre La Man\u00e1.<\/p>\n<p style=\"text-align: justify;\">Y es aqu\u00ed donde tuve el honor de conocer al Ing. Guillermo Sotomayor Navas, un personaje insignia de la pol\u00edtica ecuatoriana y forjador de grandes inventos <span lang=\"ES\">Fue amigo personal del Che Guevara y Fidel Castro; de principios doctrinarios de izquierda, ocup\u00f3 varios cargos, incluso asesor personal del ex presidente Rodrigo Borja, quien nunca acepto cargo remunerado.<\/span><\/p>\n<p style=\"text-align: justify;\"><span lang=\"ES\">En la d\u00e9cadas de los ochenta cre\u00f3 su propio partido pol\u00edtico \u201cPartido Republicano lista 8\u201d, del que fue candidato a la Presidencia de la Rep\u00fablica, donde ofreci\u00f3 \u201cm\u00e1s oro para el Ecuador\u201d, obteniendo el metal precioso incluso del cascajo del sector Lasso, en la provincia de Cotopaxi; posteriormente apoya la candidatura a la Presidencia de Freddy Ehlers, y luego acercamientos con el Movimiento Pachakutik, del que fue candidato a alcalde de La Man\u00e1. <\/span><\/p>\n<p style=\"text-align: justify;\"><span lang=\"ES\">Hablar del ingeniero Sotomayor, es recordar que fue sabio inventor, un pol\u00edtico honesto y un amigo solidario, recibi\u00f3 varias condecoraciones por universidades y organizaciones clasistas, fue declarado por la Confederaci\u00f3n Nacional de Periodistas del Ecuador (foto) como miembro vitalicio.<\/span><\/p>\n<p style=\"text-align: justify;\"><span lang=\"ES\">En los \u00faltimos a\u00f1os vivi\u00f3 en la monta\u00f1a, recinto de Estero Hondo, en donde descubri\u00f3 el agua de vida hoy comercialmente Agua Splendor, calific\u00f3 a La Man\u00e1 como el ombligo del mundo, pose\u00eda restos arqueol\u00f3gicos encontrados en el sector que se presum\u00eda eran de la cultura sumeria;\u00a0 en varias ocasiones afirm\u00f3 haber visto OVNIS, por lo que en su domicilio fue visitado por canales de televisi\u00f3n del mundo incluido Discovery Channel.<\/span><\/p>\n<p style=\"text-align: justify;\">Guillermo Sotomayor, un hombre de altas convicciones morales y democr\u00e1ticas, fruto de su estudio y su trabajo en pa\u00edses como La Ex Uni\u00f3n Sovi\u00e9tica, La Cuba de Castro, los pa\u00edses de Europa Oriental y los EEUU.<\/p>\n<p style=\"text-align: justify;\">Me hablo de la mejor agua, el agua de la vida; como \u00e9l la llamaba, agua que a\u00f1os despu\u00e9s llevar\u00eda el nombre de splendor. <span lang=\"ES\">El agua splendor es una bebida energ\u00e9tica, que brota del subsuelo de donde es tomada y embotellada de su propia fuente ubicada en las monta\u00f1as del predio Akroman\u00e1, sector Estero Hondo, en la localidad de La Man\u00e1, a una altura de\u00a0 360 metros sobre el nivel del mar.<\/span><\/p>\n<p style=\"text-align: justify;\"><span lang=\"ES\"> Su origen subterr\u00e1neo protege el acu\u00edfero de contaminaciones qu\u00edmicas y bacterianas, su naturaleza mineral y su pureza original la diferencia de otras aguas; de las capas profundas sale un agua muy rica en minerales y carbonatada, en su camino se discurre por granito y basalto, que le permiten ser un agua blanda, y con un sabor agradable. <\/span><\/p>\n<p style=\"text-align: justify;\"><span lang=\"ES\">Desde el punto de vista de su contenido, a esplendor se la\u00a0 considera un agua de alt\u00edsima calidad y con caracter\u00edsticas naturales que la hacen \u00fanica en el mundo.<\/span><\/p>\n<p style=\"text-align: justify;\"><span lang=\"ES\">En su conformaci\u00f3n existen micro-part\u00edculas de oro y plata que ayudan al sistema cardiovascular, huesos y coyunturas, tejidos glandulares y linf\u00e1ticos, h\u00edgado y conductos biliares.<\/span><\/p>\n<p style=\"text-align: justify;\"><span lang=\"ES\">Contiene minerales como Calcio, Potasio, Sodio, Magnesio como Oligoelementos, por lo que pueden ser f\u00e1cilmente absorbidos directamente por las c\u00e9lulas aportando los micro nutrientes necesarios para su correcto funcionamiento.<\/span><\/p>\n<p style=\"text-align: justify;\"><span lang=\"ES\">Desde el punto de vista de su proceso,\u00a0 la planta embotelladora est\u00e1 situada en el mismo lugar donde emerge el agua, en el que contamos con un personal altamente capacitado y con la \u00faltima tecnolog\u00eda en maquinaria de envasado, convirti\u00e9ndola en una de las plantas de embotellado m\u00e1s modernas en la actualidad.<\/span><\/p>\n<p style=\"text-align: justify;\"><span lang=\"ES\">El agua es tomada desde su propia fuente a trav\u00e9s de tuber\u00edas de acero inoxidable, grado sanitario, de la mas alta calidad, y es sometida a una serie de procesos de filtrado a trav\u00e9s de una bater\u00eda de filtros de arena de origen sil\u00edcico, as\u00ed como procesos de micro filtraci\u00f3n, ultra filtraci\u00f3n y nanofiltraci\u00f3n para asegurar su extraordinaria pureza.<\/span><\/p>\n<p style=\"text-align: justify;\"><span lang=\"ES\">Splendor es un agua natural de manantial de excelente calidad que ha sufrido un prolongado proceso de adquisici\u00f3n de sales minerales muy favorables para el cuerpo humano.\u00a0 Su origen y mineralizaci\u00f3n est\u00e1n \u00edntimamente ligados con la circulaci\u00f3n por los perfiles geol\u00f3gicos.\u00a0<\/span><\/p>\n<p style=\"text-align: justify;\"><strong>Sello Catal\u00edtico<\/strong><\/p>\n<table style=\"border-collapse: collapse; width: 100%;\">\n<tbody>\n<tr style=\"border-style: none;\">\n<td style=\"width: 25%; border-style: none;\"><\/td>\n<td style=\"width: 25%; border-style: none;\"><img loading=\"lazy\" decoding=\"async\" class=\"alignnone size-full wp-image-140\" src=\"http:\/\/www.henryvallejo.com\/wp-content\/uploads\/2023\/01\/sello4-150x150-1.jpg\" alt=\"\" width=\"150\" height=\"150\" \/><\/td>\n<td style=\"width: 25%; border-style: none;\"><img loading=\"lazy\" decoding=\"async\" class=\"alignnone size-full wp-image-141\" src=\"http:\/\/www.henryvallejo.com\/wp-content\/uploads\/2023\/01\/sello3-150x150-1.jpg\" alt=\"\" width=\"150\" height=\"150\" \/><\/td>\n<td style=\"width: 25%; border-style: none;\"><\/td>\n<\/tr>\n<tr style=\"border-style: none;\">\n<td style=\"width: 25%; border-style: none;\"><\/td>\n<td style=\"width: 25%; border-style: none;\"><img loading=\"lazy\" decoding=\"async\" class=\"alignnone size-full wp-image-142\" src=\"http:\/\/www.henryvallejo.com\/wp-content\/uploads\/2023\/01\/sello2-150x150-1.jpg\" alt=\"\" width=\"150\" height=\"150\" \/><\/td>\n<td style=\"width: 25%; border-style: none;\"><img loading=\"lazy\" decoding=\"async\" class=\"alignnone size-full wp-image-143\" src=\"http:\/\/www.henryvallejo.com\/wp-content\/uploads\/2023\/01\/sello1-150x150-1.jpg\" alt=\"\" width=\"150\" height=\"150\" \/><\/td>\n<td style=\"width: 25%; border-style: none;\"><\/td>\n<\/tr>\n<\/tbody>\n<\/table>\n<p>&nbsp;<\/p>\n<p><strong>Billete de 1 Dolar (Simbolismo Ic\u00f3nico de los Mazones)<\/strong><\/p>\n<\/div>\n<table class=\" aligncenter\" style=\"width: 86.2802%; height: 172px;\" width=\"432\">\n<tbody>\n<tr>\n<td style=\"width: 14.2687%; border-style: none;\"><\/td>\n<td style=\"width: 47.2845%; border-style: none;\"><img loading=\"lazy\" decoding=\"async\" class=\"alignnone wp-image-134\" src=\"http:\/\/www.henryvallejo.com\/wp-content\/uploads\/2023\/01\/one_dollar_bill_reverse-300x127.jpg\" alt=\"\" width=\"303\" height=\"128\" srcset=\"https:\/\/www.henryvallejo.com\/wp-content\/uploads\/2023\/01\/one_dollar_bill_reverse-300x127.jpg 300w, https:\/\/www.henryvallejo.com\/wp-content\/uploads\/2023\/01\/one_dollar_bill_reverse-768x325.jpg 768w, https:\/\/www.henryvallejo.com\/wp-content\/uploads\/2023\/01\/one_dollar_bill_reverse.jpg 788w\" sizes=\"(max-width: 303px) 100vw, 303px\" \/><\/td>\n<td style=\"width: 29.1517%; border-style: none;\"><img loading=\"lazy\" decoding=\"async\" class=\"alignnone  wp-image-133\" src=\"http:\/\/www.henryvallejo.com\/wp-content\/uploads\/2023\/01\/piramide_dolar.jpg\" alt=\"\" width=\"162\" height=\"121\" \/><\/td>\n<td style=\"width: 36.0464%; border-style: none;\"><\/td>\n<\/tr>\n<\/tbody>\n<\/table>\n<div dir=\"ltr\">\n<p style=\"text-align: justify;\"><strong><span lang=\"ES\">Que opina el mundo de agua splendor\u2026<\/span><\/strong><\/p>\n<p style=\"text-align: justify;\"><span id=\"sites-page-title\" dir=\"ltr\" tabindex=\"-1\"><img loading=\"lazy\" decoding=\"async\" class=\"size-medium wp-image-131 alignright\" src=\"http:\/\/www.henryvallejo.com\/wp-content\/uploads\/2023\/01\/splendor_agua-203x300.png\" alt=\"\" width=\"203\" height=\"300\" srcset=\"https:\/\/www.henryvallejo.com\/wp-content\/uploads\/2023\/01\/splendor_agua-203x300.png 203w, https:\/\/www.henryvallejo.com\/wp-content\/uploads\/2023\/01\/splendor_agua.png 297w\" sizes=\"(max-width: 203px) 100vw, 203px\" \/><\/span><span lang=\"ES\">Seg\u00fan lo reportado en 16 an\u00e1lisis efectuados por diferentes laboratorios de Ecuador, Estados Unidos\u00a0 Austria, Italia y Jap\u00f3n. En Austria, los investigadores dirigidos por el cient\u00edfico Gerhard Visoky, del Instituto LWS Wassertechnik, comprobaron que posee adem\u00e1s un alto nivel energ\u00e9tico. Para estudiarla recurrieron a la escala Bovis, que se utiliza para medir la energ\u00eda del agua.\u00a0 Seg\u00fan el estudio una de las mejores aguas que hay en Europa, conocida como Evian, alcanza los 800.000 Bovis de energ\u00eda, pero el agua de La Man\u00e1 Splend\u00b4or sobrepasa el mill\u00f3n. El informe sostiene que tiene 100 por ciento de vitalidad, tiene una energ\u00eda profunda, de acuerdo a la pura y antigua energ\u00eda del Planeta. Splend\u00b4or. <\/span><\/p>\n<p style=\"text-align: justify;\"><span lang=\"ES\"> Necesita desdoblarse, como otros elementos que se encuentran en otras aguas y alimentos. Por tal motivo la absorci\u00f3n es mucho m\u00e1s r\u00e1pida. La energ\u00eda sirve para que no sea un transporte pasivo, se mueve por si mismo, va donde necesita y se fija.<\/span><\/p>\n<p style=\"text-align: justify;\"><span lang=\"ES\">LWS Wassertechnik. Es una entidad tiene 35 a\u00f1os trabajando en an\u00e1lisis de aguas y asegura que Splend\u00b4or, es la mejor agua del Mundo, porque contiene Energ\u00eda pura, y los minerales que contiene sirven para reponer los que la persona pierde diariamente.<\/span><\/p>\n<p style=\"text-align: justify;\"><span lang=\"ES\">Sin embargo, el poder energ\u00e9tico del agua que fuera descubierta por Guillermos Sotomayor, seg\u00fan el; tenia enormes poder curativos y un poder refrescante incre\u00edble (lo digo con profundo conocimiento de sus efectos).<\/span><\/p>\n<p style=\"text-align: justify;\"><strong>Videos<\/strong><\/p>\n<p><iframe loading=\"lazy\" src=\"\/\/www.youtube.com\/embed\/yWfcwEVVFXA?t=2s\" width=\"560\" height=\"314\" allowfullscreen=\"allowfullscreen\"><\/iframe><\/p>\n<p><iframe loading=\"lazy\" src=\"\/\/www.youtube.com\/embed\/Mb0oJzLU260\" width=\"560\" height=\"314\" allowfullscreen=\"allowfullscreen\"><\/iframe><\/p>\n<p><iframe loading=\"lazy\" src=\"\/\/www.youtube.com\/embed\/-5XnX5TxJbE\" width=\"560\" height=\"314\" allowfullscreen=\"allowfullscreen\"><\/iframe><\/p>\n<\/div>\n","protected":false},"excerpt":{"rendered":"<p>Hace muchos a\u00f1os tuve la suerte de conocer a un personaje que de alguna manera cambi\u00f3 mi vida, por all\u00e1 en 1998 llega a mis manos un video con informaci\u00f3n muy extra\u00f1a, respecto de la posibilidad de una visita extraterrestre, basada en informaci\u00f3n y vestigios arqueol\u00f3gicos encontrado en un lugar distante en el Ecuador, este [&hellip;]<\/p>\n","protected":false},"author":1,"featured_media":0,"parent":0,"menu_order":0,"comment_status":"closed","ping_status":"closed","template":"","meta":{"footnotes":""},"_links":{"self":[{"href":"https:\/\/www.henryvallejo.com\/index.php?rest_route=\/wp\/v2\/pages\/128"}],"collection":[{"href":"https:\/\/www.henryvallejo.com\/index.php?rest_route=\/wp\/v2\/pages"}],"about":[{"href":"https:\/\/www.henryvallejo.com\/index.php?rest_route=\/wp\/v2\/types\/page"}],"author":[{"embeddable":true,"href":"https:\/\/www.henryvallejo.com\/index.php?rest_route=\/wp\/v2\/users\/1"}],"replies":[{"embeddable":true,"href":"https:\/\/www.henryvallejo.com\/index.php?rest_route=%2Fwp%2Fv2%2Fcomments&post=128"}],"version-history":[{"count":21,"href":"https:\/\/www.henryvallejo.com\/index.php?rest_route=\/wp\/v2\/pages\/128\/revisions"}],"predecessor-version":[{"id":157,"href":"https:\/\/www.henryvallejo.com\/index.php?rest_route=\/wp\/v2\/pages\/128\/revisions\/157"}],"wp:attachment":[{"href":"https:\/\/www.henryvallejo.com\/index.php?rest_route=%2Fwp%2Fv2%2Fmedia&parent=128"}],"curies":[{"name":"wp","href":"https:\/\/api.w.org\/{rel}","templated":true}]}}